{"id":4123,"date":"2020-04-05T15:38:52","date_gmt":"2020-04-05T15:38:52","guid":{"rendered":"https:\/\/joanalinda.com\/site\/?page_id=4123"},"modified":"2020-04-28T10:43:47","modified_gmt":"2020-04-28T10:43:47","slug":"about","status":"publish","type":"page","link":"https:\/\/joanalinda.com\/site\/about\/","title":{"rendered":"About"},"content":{"rendered":"\n<h4>Joana Linda, 1980, Lisboa (Portugal)<\/h4>\n\n\n\n<p class=\"has-small-font-size\">Com uma liga\u00e7\u00e3o forte ao cinema e \u00e0 m\u00fasica, realizou as curtasmetragens Layla e Lancelot (DocLisboa \u201816) e Em cada Lar Perfeito um Cora\u00e7\u00e3o Desfeito(IndieLisboa\u201813). Encenou tamb\u00e9m R&amp;J: uma adapta\u00e7\u00e3o da pe\u00e7a Romeu e Julieta comum elenco inteiramente feminino (Temps D\u2019Images, 2014). Para al\u00e9m do seu trabalho em nome pr\u00f3prio, colaborou com v\u00e1rios outros realizadores &#8211; Jo\u00e3o Canijo, Jo\u00e3o Salaviza, Cl\u00e1udia Varej\u00e3o, Carlos Concei\u00e7\u00e3o, entre outros -na comunica\u00e7\u00e3o dos seus filmes (design e fotografia). No mundo da m\u00fasica, tanto em v\u00eddeo como em fotografia, trabalhou de perto com nomes como Cristina Branco, Ana Moura, Samuel \u00daria,&nbsp;Joana&nbsp;Espadinha, Marissa Nadler, Mazgani, M\u00e1rcia e Andr\u00e9 Henriques. Participou igualmente em v\u00e1rias exposi\u00e7\u00f5es de fotografia individuais e coletivas. Colabora assiduamente com o Teatro do Sil\u00eancio e Teatro do Bairro Alto no registo fotogr\u00e1fico dos seus espet\u00e1culos. Comercialmente, j\u00e1 colaborou com o Museu Cole\u00e7\u00e3o Berardo, Holmes Place Worldwide, EDP, For\u00e7a de Produ\u00e7\u00e3o, entre outros.<\/p>\n\n\n\n<figure class=\"wp-block-image\"><img loading=\"lazy\" width=\"1024\" height=\"683\" src=\"https:\/\/joanalinda.com\/site\/wp-content\/uploads\/2020\/04\/IMG_6394-2-1024x683.jpg\" alt=\"\" class=\"wp-image-4125\" srcset=\"https:\/\/joanalinda.com\/site\/wp-content\/uploads\/2020\/04\/IMG_6394-2-1024x683.jpg 1024w, https:\/\/joanalinda.com\/site\/wp-content\/uploads\/2020\/04\/IMG_6394-2-300x200.jpg 300w, https:\/\/joanalinda.com\/site\/wp-content\/uploads\/2020\/04\/IMG_6394-2-600x400.jpg 600w, https:\/\/joanalinda.com\/site\/wp-content\/uploads\/2020\/04\/IMG_6394-2-768x512.jpg 768w, https:\/\/joanalinda.com\/site\/wp-content\/uploads\/2020\/04\/IMG_6394-2-400x267.jpg 400w, https:\/\/joanalinda.com\/site\/wp-content\/uploads\/2020\/04\/IMG_6394-2-1920x1280.jpg 1920w\" sizes=\"(max-width: 1024px) 100vw, 1024px\" \/><\/figure>\n","protected":false},"excerpt":{"rendered":"<p>Joana Linda, 1980, Lisboa (Portugal) Com uma liga\u00e7\u00e3o forte ao cinema e \u00e0 m\u00fasica, realizou as curtasmetragens Layla e Lancelot (DocLisboa \u201816) e Em cada Lar Perfeito um Cora\u00e7\u00e3o Desfeito(IndieLisboa\u201813). Encenou tamb\u00e9m R&amp;J: uma adapta\u00e7\u00e3o da pe\u00e7a Romeu e Julieta comum elenco inteiramente feminino (Temps D\u2019Images, 2014). Para al\u00e9m do seu trabalho em nome pr\u00f3prio, [&hellip;]<\/p>\n","protected":false},"author":1,"featured_media":0,"parent":0,"menu_order":4,"comment_status":"closed","ping_status":"closed","template":"","meta":[],"_links":{"self":[{"href":"https:\/\/joanalinda.com\/site\/wp-json\/wp\/v2\/pages\/4123"}],"collection":[{"href":"https:\/\/joanalinda.com\/site\/wp-json\/wp\/v2\/pages"}],"about":[{"href":"https:\/\/joanalinda.com\/site\/wp-json\/wp\/v2\/types\/page"}],"author":[{"embeddable":true,"href":"https:\/\/joanalinda.com\/site\/wp-json\/wp\/v2\/users\/1"}],"replies":[{"embeddable":true,"href":"https:\/\/joanalinda.com\/site\/wp-json\/wp\/v2\/comments?post=4123"}],"version-history":[{"count":5,"href":"https:\/\/joanalinda.com\/site\/wp-json\/wp\/v2\/pages\/4123\/revisions"}],"predecessor-version":[{"id":4152,"href":"https:\/\/joanalinda.com\/site\/wp-json\/wp\/v2\/pages\/4123\/revisions\/4152"}],"wp:attachment":[{"href":"https:\/\/joanalinda.com\/site\/wp-json\/wp\/v2\/media?parent=4123"}],"curies":[{"name":"wp","href":"https:\/\/api.w.org\/{rel}","templated":true}]}}